{"id":498,"date":"2024-05-07T17:51:34","date_gmt":"2024-05-07T15:51:34","guid":{"rendered":"https:\/\/aipc.pro\/?page_id=498"},"modified":"2024-05-08T13:44:38","modified_gmt":"2024-05-08T11:44:38","slug":"nous-contacter","status":"publish","type":"page","link":"https:\/\/aipc.pro\/index.php\/nous-contacter\/","title":{"rendered":"Nous contacter"},"content":{"rendered":"\n<div class=\"wp-block-group alignfull has-accent-5-background-color has-background has-global-padding is-layout-constrained wp-container-core-group-is-layout-d89aad35 wp-block-group-is-layout-constrained\" style=\"margin-top:0;margin-bottom:0;padding-top:var(--wp--preset--spacing--50);padding-right:var(--wp--preset--spacing--50);padding-bottom:var(--wp--preset--spacing--50);padding-left:var(--wp--preset--spacing--50)\">\n<div class=\"wp-block-columns alignwide are-vertically-aligned-top is-layout-flex wp-container-core-columns-is-layout-47c06fe3 wp-block-columns-is-layout-flex\">\n<div class=\"wp-block-column is-vertically-aligned-top is-layout-flow wp-block-column-is-layout-flow\" style=\"flex-basis:50%\">\n<h2 class=\"wp-block-heading\">Contacter un plombier<\/h2>\n\n\n\n<p>Demandez votre&nbsp;<strong>devis gratuit<\/strong>&nbsp;pour des travaux de<strong> plomberie<\/strong>,&nbsp;<strong>chauffage<\/strong>, <strong>d\u00e9pannage<\/strong> et <strong>cr\u00e9ation de salle de bain<\/strong>.<\/p>\n\n\n\n<ul class=\"wp-block-list\">\n<li><a href=\"tel:+33788867291\">T\u00e9l: 07.88.86.72.91<\/a><\/li>\n\n\n\n<li>Email: <a href=\"mailto:contact@aipc.pro\">contact@aipc.pro<\/a><\/li>\n\n\n\n<li>Secteur: de Compi\u00e8gne (60) \u00e0 Soissons (02)<\/li>\n\n\n\n<li>Du Lundi au samedi \u2013 8h \u00e0 18h<\/li>\n<\/ul>\n<\/div>\n\n\n\n<div class=\"wp-block-column is-vertically-aligned-top is-layout-flow wp-block-column-is-layout-flow\" style=\"flex-basis:50%\">\n<div class=\"wp-block-group has-global-padding is-layout-constrained wp-container-core-group-is-layout-639b5052 wp-block-group-is-layout-constrained\" style=\"padding-top:0;padding-right:0;padding-bottom:0;padding-left:0\">\n<p class=\"has-text-align-center\">\n<div class=\"wpcf7 no-js\" id=\"wpcf7-f27-o1\" lang=\"fr-FR\" dir=\"ltr\" data-wpcf7-id=\"27\">\n<div class=\"screen-reader-response\"><p role=\"status\" aria-live=\"polite\" aria-atomic=\"true\"><\/p> <ul><\/ul><\/div>\n<form action=\"\/index.php\/wp-json\/wp\/v2\/pages\/498#wpcf7-f27-o1\" method=\"post\" class=\"wpcf7-form init\" aria-label=\"Formulaire de contact\" novalidate=\"novalidate\" data-status=\"init\">\n<fieldset class=\"hidden-fields-container\"><input type=\"hidden\" name=\"_wpcf7\" value=\"27\" \/><input type=\"hidden\" name=\"_wpcf7_version\" value=\"6.1.5\" \/><input type=\"hidden\" name=\"_wpcf7_locale\" value=\"fr_FR\" \/><input type=\"hidden\" name=\"_wpcf7_unit_tag\" value=\"wpcf7-f27-o1\" \/><input type=\"hidden\" name=\"_wpcf7_container_post\" value=\"0\" \/><input type=\"hidden\" name=\"_wpcf7_posted_data_hash\" value=\"\" \/>\n<\/fieldset>\n<p><label> Votre nom<br \/>\n<span class=\"wpcf7-form-control-wrap\" data-name=\"your-name\"><input size=\"40\" maxlength=\"400\" class=\"wpcf7-form-control wpcf7-text wpcf7-validates-as-required\" aria-required=\"true\" aria-invalid=\"false\" value=\"\" type=\"text\" name=\"your-name\" \/><\/span> <\/label>\n<\/p>\n<p><label> Votre e-mail<br \/>\n<span class=\"wpcf7-form-control-wrap\" data-name=\"your-email\"><input size=\"40\" maxlength=\"400\" class=\"wpcf7-form-control wpcf7-email wpcf7-validates-as-required wpcf7-text wpcf7-validates-as-email\" aria-required=\"true\" aria-invalid=\"false\" value=\"\" type=\"email\" name=\"your-email\" \/><\/span> <\/label>\n<\/p>\n<p><label> Objet<br \/>\n<span class=\"wpcf7-form-control-wrap\" data-name=\"your-subject\"><input size=\"40\" maxlength=\"400\" class=\"wpcf7-form-control wpcf7-text wpcf7-validates-as-required\" aria-required=\"true\" aria-invalid=\"false\" value=\"\" type=\"text\" name=\"your-subject\" \/><\/span> <\/label>\n<\/p>\n<p><label> Description<br \/>\n<span class=\"wpcf7-form-control-wrap\" data-name=\"your-message\"><textarea cols=\"40\" rows=\"10\" maxlength=\"2000\" class=\"wpcf7-form-control wpcf7-textarea\" aria-invalid=\"false\" name=\"your-message\"><\/textarea><\/span> <\/label>\n<\/p>\n<p><input class=\"wpcf7-form-control wpcf7-submit has-spinner\" type=\"submit\" value=\"Envoyer\" \/>\n<\/p><div class=\"wpcf7-response-output\" aria-hidden=\"true\"><\/div>\n<\/form>\n<\/div>\n<\/p>\n<\/div>\n<\/div>\n<\/div>\n<\/div>\n","protected":false},"excerpt":{"rendered":"<p>Contacter un plombier Demandez votre&nbsp;devis gratuit&nbsp;pour des travaux de plomberie,&nbsp;chauffage, d\u00e9pannage et cr\u00e9ation de salle de bain.<\/p>\n","protected":false},"author":1,"featured_media":0,"parent":0,"menu_order":0,"comment_status":"closed","ping_status":"closed","template":"page-no-title","meta":{"footnotes":""},"class_list":["post-498","page","type-page","status-publish","hentry"],"yoast_head":"<!-- This site is optimized with the Yoast SEO plugin v27.3 - https:\/\/yoast.com\/product\/yoast-seo-wordpress\/ -->\n<title>Plombier, chauffagiste et cr\u00e9ateur de salle de bain - Nous contacter - AIPC<\/title>\n<meta name=\"description\" content=\"Contacter AIPC pour toute demande d&#039;un plombier, chauffagiste, d\u00e9panneur ou cr\u00e9ateur de salle de bain. Entre l&#039;Oise (60) et l&#039;Aisne (02).\" \/>\n<meta name=\"robots\" content=\"index, follow, max-snippet:-1, max-image-preview:large, max-video-preview:-1\" \/>\n<link rel=\"canonical\" href=\"https:\/\/aipc.pro\/index.php\/nous-contacter\/\" \/>\n<meta property=\"og:locale\" content=\"fr_FR\" \/>\n<meta property=\"og:type\" content=\"article\" \/>\n<meta property=\"og:title\" content=\"Plombier, chauffagiste et cr\u00e9ateur de salle de bain - Nous contacter - AIPC\" \/>\n<meta property=\"og:description\" content=\"Contacter AIPC pour toute demande d&#039;un plombier, chauffagiste, d\u00e9panneur ou cr\u00e9ateur de salle de bain. Entre l&#039;Oise (60) et l&#039;Aisne (02).\" \/>\n<meta property=\"og:url\" content=\"https:\/\/aipc.pro\/index.php\/nous-contacter\/\" \/>\n<meta property=\"og:site_name\" content=\"AIPC\" \/>\n<meta property=\"article:modified_time\" content=\"2024-05-08T11:44:38+00:00\" \/>\n<meta name=\"twitter:card\" content=\"summary_large_image\" \/>\n<meta name=\"twitter:label1\" content=\"Dur\u00e9e de lecture estim\u00e9e\" \/>\n\t<meta name=\"twitter:data1\" content=\"1 minute\" \/>\n<script type=\"application\/ld+json\" class=\"yoast-schema-graph\">{\"@context\":\"https:\\\/\\\/schema.org\",\"@graph\":[{\"@type\":\"WebPage\",\"@id\":\"https:\\\/\\\/aipc.pro\\\/index.php\\\/nous-contacter\\\/\",\"url\":\"https:\\\/\\\/aipc.pro\\\/index.php\\\/nous-contacter\\\/\",\"name\":\"Plombier, chauffagiste et cr\u00e9ateur de salle de bain - Nous contacter - AIPC\",\"isPartOf\":{\"@id\":\"https:\\\/\\\/aipc.pro\\\/#website\"},\"datePublished\":\"2024-05-07T15:51:34+00:00\",\"dateModified\":\"2024-05-08T11:44:38+00:00\",\"description\":\"Contacter AIPC pour toute demande d'un plombier, chauffagiste, d\u00e9panneur ou cr\u00e9ateur de salle de bain. Entre l'Oise (60) et l'Aisne (02).\",\"breadcrumb\":{\"@id\":\"https:\\\/\\\/aipc.pro\\\/index.php\\\/nous-contacter\\\/#breadcrumb\"},\"inLanguage\":\"fr-FR\",\"potentialAction\":[{\"@type\":\"ReadAction\",\"target\":[\"https:\\\/\\\/aipc.pro\\\/index.php\\\/nous-contacter\\\/\"]}]},{\"@type\":\"BreadcrumbList\",\"@id\":\"https:\\\/\\\/aipc.pro\\\/index.php\\\/nous-contacter\\\/#breadcrumb\",\"itemListElement\":[{\"@type\":\"ListItem\",\"position\":1,\"name\":\"Accueil\",\"item\":\"https:\\\/\\\/aipc.pro\\\/\"},{\"@type\":\"ListItem\",\"position\":2,\"name\":\"Nous contacter\"}]},{\"@type\":\"WebSite\",\"@id\":\"https:\\\/\\\/aipc.pro\\\/#website\",\"url\":\"https:\\\/\\\/aipc.pro\\\/\",\"name\":\"AIPC\",\"description\":\"Avec plus de 12 ans d&#039;exp\u00e9rience, AIPC vous accompagne dans tous vos besoins de plomberie, chauffage, d\u00e9pannage et cr\u00e9ation de salle de bain, entre l&#039;Oise (60) et l&#039;Aisne (02) de Compi\u00e8gne \u00e0 Soissons.\",\"publisher\":{\"@id\":\"https:\\\/\\\/aipc.pro\\\/#organization\"},\"potentialAction\":[{\"@type\":\"SearchAction\",\"target\":{\"@type\":\"EntryPoint\",\"urlTemplate\":\"https:\\\/\\\/aipc.pro\\\/?s={search_term_string}\"},\"query-input\":{\"@type\":\"PropertyValueSpecification\",\"valueRequired\":true,\"valueName\":\"search_term_string\"}}],\"inLanguage\":\"fr-FR\"},{\"@type\":\"Organization\",\"@id\":\"https:\\\/\\\/aipc.pro\\\/#organization\",\"name\":\"AIPC\",\"url\":\"https:\\\/\\\/aipc.pro\\\/\",\"logo\":{\"@type\":\"ImageObject\",\"inLanguage\":\"fr-FR\",\"@id\":\"https:\\\/\\\/aipc.pro\\\/#\\\/schema\\\/logo\\\/image\\\/\",\"url\":\"https:\\\/\\\/aipc.pro\\\/wp-content\\\/uploads\\\/2022\\\/08\\\/cropped-td_logo_blanc_2.png\",\"contentUrl\":\"https:\\\/\\\/aipc.pro\\\/wp-content\\\/uploads\\\/2022\\\/08\\\/cropped-td_logo_blanc_2.png\",\"width\":1024,\"height\":1024,\"caption\":\"AIPC\"},\"image\":{\"@id\":\"https:\\\/\\\/aipc.pro\\\/#\\\/schema\\\/logo\\\/image\\\/\"}}]}<\/script>\n<!-- \/ Yoast SEO plugin. -->","yoast_head_json":{"title":"Plombier, chauffagiste et cr\u00e9ateur de salle de bain - Nous contacter - AIPC","description":"Contacter AIPC pour toute demande d'un plombier, chauffagiste, d\u00e9panneur ou cr\u00e9ateur de salle de bain. Entre l'Oise (60) et l'Aisne (02).","robots":{"index":"index","follow":"follow","max-snippet":"max-snippet:-1","max-image-preview":"max-image-preview:large","max-video-preview":"max-video-preview:-1"},"canonical":"https:\/\/aipc.pro\/index.php\/nous-contacter\/","og_locale":"fr_FR","og_type":"article","og_title":"Plombier, chauffagiste et cr\u00e9ateur de salle de bain - Nous contacter - AIPC","og_description":"Contacter AIPC pour toute demande d'un plombier, chauffagiste, d\u00e9panneur ou cr\u00e9ateur de salle de bain. Entre l'Oise (60) et l'Aisne (02).","og_url":"https:\/\/aipc.pro\/index.php\/nous-contacter\/","og_site_name":"AIPC","article_modified_time":"2024-05-08T11:44:38+00:00","twitter_card":"summary_large_image","twitter_misc":{"Dur\u00e9e de lecture estim\u00e9e":"1 minute"},"schema":{"@context":"https:\/\/schema.org","@graph":[{"@type":"WebPage","@id":"https:\/\/aipc.pro\/index.php\/nous-contacter\/","url":"https:\/\/aipc.pro\/index.php\/nous-contacter\/","name":"Plombier, chauffagiste et cr\u00e9ateur de salle de bain - Nous contacter - AIPC","isPartOf":{"@id":"https:\/\/aipc.pro\/#website"},"datePublished":"2024-05-07T15:51:34+00:00","dateModified":"2024-05-08T11:44:38+00:00","description":"Contacter AIPC pour toute demande d'un plombier, chauffagiste, d\u00e9panneur ou cr\u00e9ateur de salle de bain. Entre l'Oise (60) et l'Aisne (02).","breadcrumb":{"@id":"https:\/\/aipc.pro\/index.php\/nous-contacter\/#breadcrumb"},"inLanguage":"fr-FR","potentialAction":[{"@type":"ReadAction","target":["https:\/\/aipc.pro\/index.php\/nous-contacter\/"]}]},{"@type":"BreadcrumbList","@id":"https:\/\/aipc.pro\/index.php\/nous-contacter\/#breadcrumb","itemListElement":[{"@type":"ListItem","position":1,"name":"Accueil","item":"https:\/\/aipc.pro\/"},{"@type":"ListItem","position":2,"name":"Nous contacter"}]},{"@type":"WebSite","@id":"https:\/\/aipc.pro\/#website","url":"https:\/\/aipc.pro\/","name":"AIPC","description":"Avec plus de 12 ans d&#039;exp\u00e9rience, AIPC vous accompagne dans tous vos besoins de plomberie, chauffage, d\u00e9pannage et cr\u00e9ation de salle de bain, entre l&#039;Oise (60) et l&#039;Aisne (02) de Compi\u00e8gne \u00e0 Soissons.","publisher":{"@id":"https:\/\/aipc.pro\/#organization"},"potentialAction":[{"@type":"SearchAction","target":{"@type":"EntryPoint","urlTemplate":"https:\/\/aipc.pro\/?s={search_term_string}"},"query-input":{"@type":"PropertyValueSpecification","valueRequired":true,"valueName":"search_term_string"}}],"inLanguage":"fr-FR"},{"@type":"Organization","@id":"https:\/\/aipc.pro\/#organization","name":"AIPC","url":"https:\/\/aipc.pro\/","logo":{"@type":"ImageObject","inLanguage":"fr-FR","@id":"https:\/\/aipc.pro\/#\/schema\/logo\/image\/","url":"https:\/\/aipc.pro\/wp-content\/uploads\/2022\/08\/cropped-td_logo_blanc_2.png","contentUrl":"https:\/\/aipc.pro\/wp-content\/uploads\/2022\/08\/cropped-td_logo_blanc_2.png","width":1024,"height":1024,"caption":"AIPC"},"image":{"@id":"https:\/\/aipc.pro\/#\/schema\/logo\/image\/"}}]}},"_links":{"self":[{"href":"https:\/\/aipc.pro\/index.php\/wp-json\/wp\/v2\/pages\/498","targetHints":{"allow":["GET"]}}],"collection":[{"href":"https:\/\/aipc.pro\/index.php\/wp-json\/wp\/v2\/pages"}],"about":[{"href":"https:\/\/aipc.pro\/index.php\/wp-json\/wp\/v2\/types\/page"}],"author":[{"embeddable":true,"href":"https:\/\/aipc.pro\/index.php\/wp-json\/wp\/v2\/users\/1"}],"replies":[{"embeddable":true,"href":"https:\/\/aipc.pro\/index.php\/wp-json\/wp\/v2\/comments?post=498"}],"version-history":[{"count":17,"href":"https:\/\/aipc.pro\/index.php\/wp-json\/wp\/v2\/pages\/498\/revisions"}],"predecessor-version":[{"id":537,"href":"https:\/\/aipc.pro\/index.php\/wp-json\/wp\/v2\/pages\/498\/revisions\/537"}],"wp:attachment":[{"href":"https:\/\/aipc.pro\/index.php\/wp-json\/wp\/v2\/media?parent=498"}],"curies":[{"name":"wp","href":"https:\/\/api.w.org\/{rel}","templated":true}]}}